{"id":2457,"date":"2023-02-14T16:40:09","date_gmt":"2023-02-14T15:40:09","guid":{"rendered":"https:\/\/copancongelados.panelserver.org\/qui-som\/"},"modified":"2026-02-06T13:18:49","modified_gmt":"2026-02-06T12:18:49","slug":"qui-som","status":"publish","type":"page","link":"https:\/\/copancongelados.com\/ca\/qui-som\/","title":{"rendered":"Qui som"},"content":{"rendered":"\t\t<div data-elementor-type=\"wp-page\" data-elementor-id=\"2457\" class=\"elementor elementor-2457 elementor-25\">\n\t\t\t\t\t\t<section class=\"elementor-section elementor-top-section elementor-element elementor-element-1725731 elementor-section-stretched elementor-section-height-full elementor-section-boxed elementor-section-height-default elementor-section-items-middle\" data-id=\"1725731\" data-element_type=\"section\" data-e-type=\"section\" data-settings=\"{&quot;stretch_section&quot;:&quot;section-stretched&quot;,&quot;background_background&quot;:&quot;classic&quot;}\">\n\t\t\t\t\t\t<div class=\"elementor-container elementor-column-gap-no\">\n\t\t\t\t\t<div class=\"elementor-column elementor-col-50 elementor-top-column elementor-element elementor-element-93451b1\" data-id=\"93451b1\" data-element_type=\"column\" data-e-type=\"column\">\n\t\t\t<div class=\"elementor-widget-wrap elementor-element-populated\">\n\t\t\t\t\t\t<div class=\"elementor-element elementor-element-60d4b41 elementor-widget elementor-widget-text-editor\" data-id=\"60d4b41\" data-element_type=\"widget\" data-e-type=\"widget\" data-widget_type=\"text-editor.default\">\n\t\t\t\t\t\t\t\t\t<h1>Copan Aliments Congelats<\/h1><p>Som un equip unit per la vocaci\u00f3 de servei i per la passi\u00f3 pel sector de la distribuci\u00f3 aliment\u00e0ria. Al llarg dels anys hem crescut no sols en infraestructura i cat\u00e0leg, sin\u00f3 tamb\u00e9 en professionalitat i comprom\u00eds. <\/p><p>Cada membre del nostre equip hi juga un paper essencial: des del personal de magatzem que garanteix una correcta manipulaci\u00f3 i conservaci\u00f3 dels productes, fins a l&#8217;equip de log\u00edstica que assegura lliuraments puntuals i eficients a tota la prov\u00edncia de Lleida.<\/p>\t\t\t\t\t\t\t\t<\/div>\n\t\t\t\t<div class=\"elementor-element elementor-element-d219acb elementor-align-center elementor-widget elementor-widget-button\" data-id=\"d219acb\" data-element_type=\"widget\" data-e-type=\"widget\" data-widget_type=\"button.default\">\n\t\t\t\t\t\t\t\t\t\t<a class=\"elementor-button elementor-button-link elementor-size-sm\" href=\"https:\/\/copancongelados.com\/serveis\/?lang=ca\">\n\t\t\t\t\t\t<span class=\"elementor-button-content-wrapper\">\n\t\t\t\t\t\t\t\t\t<span class=\"elementor-button-text\">Veure els nostres serveis<\/span>\n\t\t\t\t\t<\/span>\n\t\t\t\t\t<\/a>\n\t\t\t\t\t\t\t\t<\/div>\n\t\t\t\t\t<\/div>\n\t\t<\/div>\n\t\t\t\t<div class=\"elementor-column elementor-col-50 elementor-top-column elementor-element elementor-element-d97ce68\" data-id=\"d97ce68\" data-element_type=\"column\" data-e-type=\"column\">\n\t\t\t<div class=\"elementor-widget-wrap elementor-element-populated\">\n\t\t\t\t\t\t<div class=\"elementor-element elementor-element-8edbb95 elementor-widget elementor-widget-image\" data-id=\"8edbb95\" data-element_type=\"widget\" data-e-type=\"widget\" data-widget_type=\"image.default\">\n\t\t\t\t\t\t\t\t\t\t\t\t\t\t\t<img decoding=\"async\" src=\"https:\/\/copancongelados.com\/wp-content\/uploads\/2026\/01\/CAMION-COPAN-3.jpg\" title=\"CAMION COPAN 3\" alt=\"CAMION COPAN 3\" loading=\"lazy\" \/>\t\t\t\t\t\t\t\t\t\t\t\t\t\t\t<\/div>\n\t\t\t\t\t<\/div>\n\t\t<\/div>\n\t\t\t\t\t<\/div>\n\t\t<\/section>\n\t\t\t\t<section class=\"elementor-section elementor-top-section elementor-element elementor-element-d7356d6 elementor-hidden-desktop elementor-hidden-tablet elementor-hidden-mobile elementor-section-boxed elementor-section-height-default elementor-section-height-default\" data-id=\"d7356d6\" data-element_type=\"section\" data-e-type=\"section\">\n\t\t\t\t\t\t<div class=\"elementor-container elementor-column-gap-default\">\n\t\t\t\t\t<div class=\"elementor-column elementor-col-33 elementor-top-column elementor-element elementor-element-6f98f83\" data-id=\"6f98f83\" data-element_type=\"column\" data-e-type=\"column\">\n\t\t\t<div class=\"elementor-widget-wrap elementor-element-populated\">\n\t\t\t\t\t\t<div class=\"elementor-element elementor-element-f99d3e8 elementor-view-default elementor-position-block-start elementor-mobile-position-block-start elementor-widget elementor-widget-icon-box\" data-id=\"f99d3e8\" data-element_type=\"widget\" data-e-type=\"widget\" data-widget_type=\"icon-box.default\">\n\t\t\t\t\t\t\t<div class=\"elementor-icon-box-wrapper\">\n\n\t\t\t\t\t\t<div class=\"elementor-icon-box-icon\">\n\t\t\t\t<a href=\"#\" class=\"elementor-icon elementor-animation-wobble-vertical\" tabindex=\"-1\" aria-label=\"Submit a task\">\n\t\t\t\t<svg aria-hidden=\"true\" class=\"e-font-icon-svg e-far-check-square\" viewBox=\"0 0 448 512\" xmlns=\"http:\/\/www.w3.org\/2000\/svg\"><path d=\"M400 32H48C21.49 32 0 53.49 0 80v352c0 26.51 21.49 48 48 48h352c26.51 0 48-21.49 48-48V80c0-26.51-21.49-48-48-48zm0 400H48V80h352v352zm-35.864-241.724L191.547 361.48c-4.705 4.667-12.303 4.637-16.97-.068l-90.781-91.516c-4.667-4.705-4.637-12.303.069-16.971l22.719-22.536c4.705-4.667 12.303-4.637 16.97.069l59.792 60.277 141.352-140.216c4.705-4.667 12.303-4.637 16.97.068l22.536 22.718c4.667 4.706 4.637 12.304-.068 16.971z\"><\/path><\/svg>\t\t\t\t<\/a>\n\t\t\t<\/div>\n\t\t\t\n\t\t\t\t\t\t<div class=\"elementor-icon-box-content\">\n\n\t\t\t\t\t\t\t\t\t<h4 class=\"elementor-icon-box-title\">\n\t\t\t\t\t\t<a href=\"#\" >\n\t\t\t\t\t\t\tSubmit a task\t\t\t\t\t\t<\/a>\n\t\t\t\t\t<\/h4>\n\t\t\t\t\n\t\t\t\t\t\t\t\t\t<p class=\"elementor-icon-box-description\">\n\t\t\t\t\t\tLorem ipsum dolor sit amet, consectetur adipiscing elit. Ut elit tellus. \t\t\t\t\t<\/p>\n\t\t\t\t\n\t\t\t<\/div>\n\t\t\t\n\t\t<\/div>\n\t\t\t\t\t\t<\/div>\n\t\t\t\t\t<\/div>\n\t\t<\/div>\n\t\t\t\t<div class=\"elementor-column elementor-col-33 elementor-top-column elementor-element elementor-element-97139a5\" data-id=\"97139a5\" data-element_type=\"column\" data-e-type=\"column\">\n\t\t\t<div class=\"elementor-widget-wrap elementor-element-populated\">\n\t\t\t\t\t\t<div class=\"elementor-element elementor-element-39ca781 elementor-view-default elementor-position-block-start elementor-mobile-position-block-start elementor-widget elementor-widget-icon-box\" data-id=\"39ca781\" data-element_type=\"widget\" data-e-type=\"widget\" data-widget_type=\"icon-box.default\">\n\t\t\t\t\t\t\t<div class=\"elementor-icon-box-wrapper\">\n\n\t\t\t\t\t\t<div class=\"elementor-icon-box-icon\">\n\t\t\t\t<a href=\"#\" class=\"elementor-icon elementor-animation-wobble-vertical\" tabindex=\"-1\" aria-label=\"Send message\">\n\t\t\t\t<svg aria-hidden=\"true\" class=\"e-font-icon-svg e-far-comment\" viewBox=\"0 0 512 512\" xmlns=\"http:\/\/www.w3.org\/2000\/svg\"><path d=\"M256 32C114.6 32 0 125.1 0 240c0 47.6 19.9 91.2 52.9 126.3C38 405.7 7 439.1 6.5 439.5c-6.6 7-8.4 17.2-4.6 26S14.4 480 24 480c61.5 0 110-25.7 139.1-46.3C192 442.8 223.2 448 256 448c141.4 0 256-93.1 256-208S397.4 32 256 32zm0 368c-26.7 0-53.1-4.1-78.4-12.1l-22.7-7.2-19.5 13.8c-14.3 10.1-33.9 21.4-57.5 29 7.3-12.1 14.4-25.7 19.9-40.2l10.6-28.1-20.6-21.8C69.7 314.1 48 282.2 48 240c0-88.2 93.3-160 208-160s208 71.8 208 160-93.3 160-208 160z\"><\/path><\/svg>\t\t\t\t<\/a>\n\t\t\t<\/div>\n\t\t\t\n\t\t\t\t\t\t<div class=\"elementor-icon-box-content\">\n\n\t\t\t\t\t\t\t\t\t<h4 class=\"elementor-icon-box-title\">\n\t\t\t\t\t\t<a href=\"#\" >\n\t\t\t\t\t\t\tSend message\t\t\t\t\t\t<\/a>\n\t\t\t\t\t<\/h4>\n\t\t\t\t\n\t\t\t\t\t\t\t\t\t<p class=\"elementor-icon-box-description\">\n\t\t\t\t\t\tLorem ipsum dolor sit amet, consectetur adipiscing elit. Ut elit tellus. \t\t\t\t\t<\/p>\n\t\t\t\t\n\t\t\t<\/div>\n\t\t\t\n\t\t<\/div>\n\t\t\t\t\t\t<\/div>\n\t\t\t\t\t<\/div>\n\t\t<\/div>\n\t\t\t\t<div class=\"elementor-column elementor-col-33 elementor-top-column elementor-element elementor-element-4cd5a3c\" data-id=\"4cd5a3c\" data-element_type=\"column\" data-e-type=\"column\">\n\t\t\t<div class=\"elementor-widget-wrap elementor-element-populated\">\n\t\t\t\t\t\t<div class=\"elementor-element elementor-element-31f3a88 elementor-view-default elementor-position-block-start elementor-mobile-position-block-start elementor-widget elementor-widget-icon-box\" data-id=\"31f3a88\" data-element_type=\"widget\" data-e-type=\"widget\" data-widget_type=\"icon-box.default\">\n\t\t\t\t\t\t\t<div class=\"elementor-icon-box-wrapper\">\n\n\t\t\t\t\t\t<div class=\"elementor-icon-box-icon\">\n\t\t\t\t<a href=\"#\" class=\"elementor-icon elementor-animation-wobble-vertical\" tabindex=\"-1\" aria-label=\"Trusted experience\">\n\t\t\t\t<svg aria-hidden=\"true\" class=\"e-font-icon-svg e-far-user\" viewBox=\"0 0 448 512\" xmlns=\"http:\/\/www.w3.org\/2000\/svg\"><path d=\"M313.6 304c-28.7 0-42.5 16-89.6 16-47.1 0-60.8-16-89.6-16C60.2 304 0 364.2 0 438.4V464c0 26.5 21.5 48 48 48h352c26.5 0 48-21.5 48-48v-25.6c0-74.2-60.2-134.4-134.4-134.4zM400 464H48v-25.6c0-47.6 38.8-86.4 86.4-86.4 14.6 0 38.3 16 89.6 16 51.7 0 74.9-16 89.6-16 47.6 0 86.4 38.8 86.4 86.4V464zM224 288c79.5 0 144-64.5 144-144S303.5 0 224 0 80 64.5 80 144s64.5 144 144 144zm0-240c52.9 0 96 43.1 96 96s-43.1 96-96 96-96-43.1-96-96 43.1-96 96-96z\"><\/path><\/svg>\t\t\t\t<\/a>\n\t\t\t<\/div>\n\t\t\t\n\t\t\t\t\t\t<div class=\"elementor-icon-box-content\">\n\n\t\t\t\t\t\t\t\t\t<h4 class=\"elementor-icon-box-title\">\n\t\t\t\t\t\t<a href=\"#\" >\n\t\t\t\t\t\t\tTrusted experience\t\t\t\t\t\t<\/a>\n\t\t\t\t\t<\/h4>\n\t\t\t\t\n\t\t\t\t\t\t\t\t\t<p class=\"elementor-icon-box-description\">\n\t\t\t\t\t\tLorem ipsum dolor sit amet, consectetur adipiscing elit. Ut elit tellus. \t\t\t\t\t<\/p>\n\t\t\t\t\n\t\t\t<\/div>\n\t\t\t\n\t\t<\/div>\n\t\t\t\t\t\t<\/div>\n\t\t\t\t\t<\/div>\n\t\t<\/div>\n\t\t\t\t\t<\/div>\n\t\t<\/section>\n\t\t\t\t<section class=\"elementor-section elementor-top-section elementor-element elementor-element-7c1db74 elementor-section-boxed elementor-section-height-default elementor-section-height-default\" data-id=\"7c1db74\" data-element_type=\"section\" data-e-type=\"section\">\n\t\t\t\t\t\t<div class=\"elementor-container elementor-column-gap-no\">\n\t\t\t\t\t<div class=\"elementor-column elementor-col-100 elementor-top-column elementor-element elementor-element-6848f97\" data-id=\"6848f97\" data-element_type=\"column\" data-e-type=\"column\">\n\t\t\t<div class=\"elementor-widget-wrap elementor-element-populated\">\n\t\t\t\t\t\t<div class=\"elementor-element elementor-element-077f3e2 elementor-widget elementor-widget-heading\" data-id=\"077f3e2\" data-element_type=\"widget\" data-e-type=\"widget\" data-widget_type=\"heading.default\">\n\t\t\t\t\t<span class=\"elementor-heading-title elementor-size-default\">Sense intermediaris<\/span>\t\t\t\t<\/div>\n\t\t\t\t<div class=\"elementor-element elementor-element-3466b0b elementor-widget elementor-widget-heading\" data-id=\"3466b0b\" data-element_type=\"widget\" data-e-type=\"widget\" data-widget_type=\"heading.default\">\n\t\t\t\t\t<h2 class=\"elementor-heading-title elementor-size-default\">Contacta amb nosaltres<\/h2>\t\t\t\t<\/div>\n\t\t\t\t<div class=\"elementor-element elementor-element-b964bf1 elementor-widget__width-initial elementor-widget elementor-widget-text-editor\" data-id=\"b964bf1\" data-element_type=\"widget\" data-e-type=\"widget\" data-widget_type=\"text-editor.default\">\n\t\t\t\t\t\t\t\t\t<p class=\"bst-adv-heading_586d74-db wp-block-base-advancedheading\" data-bsb-block=\"bsb-adv-heading_586d74-db\">Tens algun dubte, vols m\u00e9s informaci\u00f3 o necessites un assessorament personalitzat pel teu negoci? Som aqu\u00ed per ajudar-te. Posa&#8217;t en contacte amb nosaltres i et respondrem amb la m\u00e0xima rapidesa possible.   <\/p>\t\t\t\t\t\t\t\t<\/div>\n\t\t\t\t<div class=\"elementor-element elementor-element-66f875d elementor-align-center elementor-widget elementor-widget-button\" data-id=\"66f875d\" data-element_type=\"widget\" data-e-type=\"widget\" data-widget_type=\"button.default\">\n\t\t\t\t\t\t\t\t\t\t<a class=\"elementor-button elementor-button-link elementor-size-sm\" href=\"https:\/\/copancongelados.com\/contacta\/?lang=ca\">\n\t\t\t\t\t\t<span class=\"elementor-button-content-wrapper\">\n\t\t\t\t\t\t\t\t\t<span class=\"elementor-button-text\">CONTACTA CON NOSALTRES<\/span>\n\t\t\t\t\t<\/span>\n\t\t\t\t\t<\/a>\n\t\t\t\t\t\t\t\t<\/div>\n\t\t\t\t\t<\/div>\n\t\t<\/div>\n\t\t\t\t\t<\/div>\n\t\t<\/section>\n\t\t\t\t<\/div>\n\t\t","protected":false},"excerpt":{"rendered":"<p>Copan Aliments Congelats Som un equip unit per la vocaci\u00f3 de servei i per la passi\u00f3 pel sector de la distribuci\u00f3 aliment\u00e0ria. Al llarg dels anys hem crescut no sols en infraestructura i cat\u00e0leg, sin\u00f3 tamb\u00e9 en professionalitat i comprom\u00eds. Cada membre del nostre equip hi juga un paper essencial: des del personal de magatzem&#8230;<\/p>\n","protected":false},"author":1,"featured_media":0,"parent":0,"menu_order":0,"comment_status":"closed","ping_status":"closed","template":"","meta":{"_acf_changed":false,"_bst_post_transparent":"","_bst_post_title":"","_bst_post_layout":"","_bst_post_sidebar_id":"","_bst_post_content_style":"","_bst_post_vertical_padding":"","_bst_post_feature":"","_bst_post_feature_position":"","_bst_post_header":false,"_bst_post_footer":false,"_joinchat":[],"footnotes":""},"class_list":["post-2457","page","type-page","status-publish","hentry"],"acf":[],"yoast_head":"<!-- This site is optimized with the Yoast SEO plugin v26.9 - https:\/\/yoast.com\/product\/yoast-seo-wordpress\/ -->\n<title>Copan Aliments Congelats<\/title>\n<meta name=\"description\" content=\"Subministrament de congelats per a restauraci\u00f3 a Lleida i Osca: productes de qualitat, entrega fiable i varietat per a la teva cuina professional. Amb Copan Congelats.\" \/>\n<meta name=\"robots\" content=\"index, follow, max-snippet:-1, max-image-preview:large, max-video-preview:-1\" \/>\n<link rel=\"canonical\" href=\"https:\/\/copancongelados.com\/qui-som\/?lang=ca\" \/>\n<meta property=\"og:locale\" content=\"ca_ES\" \/>\n<meta property=\"og:type\" content=\"article\" \/>\n<meta property=\"og:title\" content=\"Copan Aliments Congelats\" \/>\n<meta property=\"og:description\" content=\"Subministrament de congelats per a restauraci\u00f3 a Lleida i Osca: productes de qualitat, entrega fiable i varietat per a la teva cuina professional. Amb Copan Congelats.\" \/>\n<meta property=\"og:url\" content=\"https:\/\/copancongelados.com\/qui-som\/?lang=ca\" \/>\n<meta property=\"og:site_name\" content=\"COPAN\" \/>\n<meta property=\"article:modified_time\" content=\"2026-02-06T12:18:49+00:00\" \/>\n<meta property=\"og:image\" content=\"https:\/\/copancongelados.com\/wp-content\/uploads\/2026\/01\/CAMION-COPAN-3.jpg\" \/>\n<meta name=\"twitter:card\" content=\"summary_large_image\" \/>\n<meta name=\"twitter:label1\" content=\"Temps estimat de lectura\" \/>\n\t<meta name=\"twitter:data1\" content=\"1 minut\" \/>\n<script type=\"application\/ld+json\" class=\"yoast-schema-graph\">{\"@context\":\"https:\/\/schema.org\",\"@graph\":[{\"@type\":\"WebPage\",\"@id\":\"https:\/\/copancongelados.com\/qui-som\/?lang=ca\",\"url\":\"https:\/\/copancongelados.com\/qui-som\/?lang=ca\",\"name\":\"Copan Aliments Congelats\",\"isPartOf\":{\"@id\":\"https:\/\/copancongelados.com\/#website\"},\"primaryImageOfPage\":{\"@id\":\"https:\/\/copancongelados.com\/qui-som\/?lang=ca#primaryimage\"},\"image\":{\"@id\":\"https:\/\/copancongelados.com\/qui-som\/?lang=ca#primaryimage\"},\"thumbnailUrl\":\"https:\/\/copancongelados.com\/wp-content\/uploads\/2026\/01\/CAMION-COPAN-3.jpg\",\"datePublished\":\"2023-02-14T15:40:09+00:00\",\"dateModified\":\"2026-02-06T12:18:49+00:00\",\"description\":\"Subministrament de congelats per a restauraci\u00f3 a Lleida i Osca: productes de qualitat, entrega fiable i varietat per a la teva cuina professional. Amb Copan Congelats.\",\"breadcrumb\":{\"@id\":\"https:\/\/copancongelados.com\/qui-som\/?lang=ca#breadcrumb\"},\"inLanguage\":\"ca\",\"potentialAction\":[{\"@type\":\"ReadAction\",\"target\":[\"https:\/\/copancongelados.com\/qui-som\/?lang=ca\"]}]},{\"@type\":\"ImageObject\",\"inLanguage\":\"ca\",\"@id\":\"https:\/\/copancongelados.com\/qui-som\/?lang=ca#primaryimage\",\"url\":\"https:\/\/copancongelados.com\/wp-content\/uploads\/2026\/01\/CAMION-COPAN-3.jpg\",\"contentUrl\":\"https:\/\/copancongelados.com\/wp-content\/uploads\/2026\/01\/CAMION-COPAN-3.jpg\"},{\"@type\":\"BreadcrumbList\",\"@id\":\"https:\/\/copancongelados.com\/qui-som\/?lang=ca#breadcrumb\",\"itemListElement\":[{\"@type\":\"ListItem\",\"position\":1,\"name\":\"Portada\",\"item\":\"https:\/\/copancongelados.com\/\"},{\"@type\":\"ListItem\",\"position\":2,\"name\":\"Qui som\"}]},{\"@type\":\"WebSite\",\"@id\":\"https:\/\/copancongelados.com\/#website\",\"url\":\"https:\/\/copancongelados.com\/\",\"name\":\"COPAN CONGELADOS\",\"description\":\"\",\"publisher\":{\"@id\":\"https:\/\/copancongelados.com\/#organization\"},\"potentialAction\":[{\"@type\":\"SearchAction\",\"target\":{\"@type\":\"EntryPoint\",\"urlTemplate\":\"https:\/\/copancongelados.com\/?s={search_term_string}\"},\"query-input\":{\"@type\":\"PropertyValueSpecification\",\"valueRequired\":true,\"valueName\":\"search_term_string\"}}],\"inLanguage\":\"ca\"},{\"@type\":\"Organization\",\"@id\":\"https:\/\/copancongelados.com\/#organization\",\"name\":\"COPAN CONGELADOS\",\"url\":\"https:\/\/copancongelados.com\/\",\"logo\":{\"@type\":\"ImageObject\",\"inLanguage\":\"ca\",\"@id\":\"https:\/\/copancongelados.com\/#\/schema\/logo\/image\/\",\"url\":\"https:\/\/copancongelados.com\/wp-content\/uploads\/2026\/02\/copan_logo_jpg-removebg-preview.png\",\"contentUrl\":\"https:\/\/copancongelados.com\/wp-content\/uploads\/2026\/02\/copan_logo_jpg-removebg-preview.png\",\"width\":960,\"height\":260,\"caption\":\"COPAN CONGELADOS\"},\"image\":{\"@id\":\"https:\/\/copancongelados.com\/#\/schema\/logo\/image\/\"}}]}<\/script>\n<!-- \/ Yoast SEO plugin. -->","yoast_head_json":{"title":"Copan Aliments Congelats","description":"Subministrament de congelats per a restauraci\u00f3 a Lleida i Osca: productes de qualitat, entrega fiable i varietat per a la teva cuina professional. Amb Copan Congelats.","robots":{"index":"index","follow":"follow","max-snippet":"max-snippet:-1","max-image-preview":"max-image-preview:large","max-video-preview":"max-video-preview:-1"},"canonical":"https:\/\/copancongelados.com\/qui-som\/?lang=ca","og_locale":"ca_ES","og_type":"article","og_title":"Copan Aliments Congelats","og_description":"Subministrament de congelats per a restauraci\u00f3 a Lleida i Osca: productes de qualitat, entrega fiable i varietat per a la teva cuina professional. Amb Copan Congelats.","og_url":"https:\/\/copancongelados.com\/qui-som\/?lang=ca","og_site_name":"COPAN","article_modified_time":"2026-02-06T12:18:49+00:00","og_image":[{"url":"https:\/\/copancongelados.com\/wp-content\/uploads\/2026\/01\/CAMION-COPAN-3.jpg","type":"","width":"","height":""}],"twitter_card":"summary_large_image","twitter_misc":{"Temps estimat de lectura":"1 minut"},"schema":{"@context":"https:\/\/schema.org","@graph":[{"@type":"WebPage","@id":"https:\/\/copancongelados.com\/qui-som\/?lang=ca","url":"https:\/\/copancongelados.com\/qui-som\/?lang=ca","name":"Copan Aliments Congelats","isPartOf":{"@id":"https:\/\/copancongelados.com\/#website"},"primaryImageOfPage":{"@id":"https:\/\/copancongelados.com\/qui-som\/?lang=ca#primaryimage"},"image":{"@id":"https:\/\/copancongelados.com\/qui-som\/?lang=ca#primaryimage"},"thumbnailUrl":"https:\/\/copancongelados.com\/wp-content\/uploads\/2026\/01\/CAMION-COPAN-3.jpg","datePublished":"2023-02-14T15:40:09+00:00","dateModified":"2026-02-06T12:18:49+00:00","description":"Subministrament de congelats per a restauraci\u00f3 a Lleida i Osca: productes de qualitat, entrega fiable i varietat per a la teva cuina professional. Amb Copan Congelats.","breadcrumb":{"@id":"https:\/\/copancongelados.com\/qui-som\/?lang=ca#breadcrumb"},"inLanguage":"ca","potentialAction":[{"@type":"ReadAction","target":["https:\/\/copancongelados.com\/qui-som\/?lang=ca"]}]},{"@type":"ImageObject","inLanguage":"ca","@id":"https:\/\/copancongelados.com\/qui-som\/?lang=ca#primaryimage","url":"https:\/\/copancongelados.com\/wp-content\/uploads\/2026\/01\/CAMION-COPAN-3.jpg","contentUrl":"https:\/\/copancongelados.com\/wp-content\/uploads\/2026\/01\/CAMION-COPAN-3.jpg"},{"@type":"BreadcrumbList","@id":"https:\/\/copancongelados.com\/qui-som\/?lang=ca#breadcrumb","itemListElement":[{"@type":"ListItem","position":1,"name":"Portada","item":"https:\/\/copancongelados.com\/"},{"@type":"ListItem","position":2,"name":"Qui som"}]},{"@type":"WebSite","@id":"https:\/\/copancongelados.com\/#website","url":"https:\/\/copancongelados.com\/","name":"COPAN CONGELADOS","description":"","publisher":{"@id":"https:\/\/copancongelados.com\/#organization"},"potentialAction":[{"@type":"SearchAction","target":{"@type":"EntryPoint","urlTemplate":"https:\/\/copancongelados.com\/?s={search_term_string}"},"query-input":{"@type":"PropertyValueSpecification","valueRequired":true,"valueName":"search_term_string"}}],"inLanguage":"ca"},{"@type":"Organization","@id":"https:\/\/copancongelados.com\/#organization","name":"COPAN CONGELADOS","url":"https:\/\/copancongelados.com\/","logo":{"@type":"ImageObject","inLanguage":"ca","@id":"https:\/\/copancongelados.com\/#\/schema\/logo\/image\/","url":"https:\/\/copancongelados.com\/wp-content\/uploads\/2026\/02\/copan_logo_jpg-removebg-preview.png","contentUrl":"https:\/\/copancongelados.com\/wp-content\/uploads\/2026\/02\/copan_logo_jpg-removebg-preview.png","width":960,"height":260,"caption":"COPAN CONGELADOS"},"image":{"@id":"https:\/\/copancongelados.com\/#\/schema\/logo\/image\/"}}]}},"_links":{"self":[{"href":"https:\/\/copancongelados.com\/ca\/wp-json\/wp\/v2\/pages\/2457","targetHints":{"allow":["GET"]}}],"collection":[{"href":"https:\/\/copancongelados.com\/ca\/wp-json\/wp\/v2\/pages"}],"about":[{"href":"https:\/\/copancongelados.com\/ca\/wp-json\/wp\/v2\/types\/page"}],"author":[{"embeddable":true,"href":"https:\/\/copancongelados.com\/ca\/wp-json\/wp\/v2\/users\/1"}],"replies":[{"embeddable":true,"href":"https:\/\/copancongelados.com\/ca\/wp-json\/wp\/v2\/comments?post=2457"}],"version-history":[{"count":3,"href":"https:\/\/copancongelados.com\/ca\/wp-json\/wp\/v2\/pages\/2457\/revisions"}],"predecessor-version":[{"id":2544,"href":"https:\/\/copancongelados.com\/ca\/wp-json\/wp\/v2\/pages\/2457\/revisions\/2544"}],"wp:attachment":[{"href":"https:\/\/copancongelados.com\/ca\/wp-json\/wp\/v2\/media?parent=2457"}],"curies":[{"name":"wp","href":"https:\/\/api.w.org\/{rel}","templated":true}]}}