{"id":2531,"date":"2026-01-23T18:44:03","date_gmt":"2026-01-23T17:44:03","guid":{"rendered":"https:\/\/copancongelados.panelserver.org\/serveis\/productes-congelats-per-a-forns-lleida-i-osca\/"},"modified":"2026-02-10T20:01:21","modified_gmt":"2026-02-10T19:01:21","slug":"productes-per-a-forns-lleida-i-osca","status":"publish","type":"page","link":"https:\/\/copancongelados.com\/ca\/serveis\/productes-per-a-forns-lleida-i-osca\/","title":{"rendered":"Productes per a Forns \u2013 Lleida i Osca"},"content":{"rendered":"\t\t<div data-elementor-type=\"wp-page\" data-elementor-id=\"2531\" class=\"elementor elementor-2531 elementor-2212\">\n\t\t\t\t\t\t<section class=\"elementor-section elementor-top-section elementor-element elementor-element-1725731 elementor-section-stretched elementor-section-boxed elementor-section-height-default elementor-section-height-default\" data-id=\"1725731\" data-element_type=\"section\" data-e-type=\"section\" data-settings=\"{&quot;stretch_section&quot;:&quot;section-stretched&quot;,&quot;background_background&quot;:&quot;classic&quot;}\">\n\t\t\t\t\t\t<div class=\"elementor-container elementor-column-gap-no\">\n\t\t\t\t\t<div class=\"elementor-column elementor-col-100 elementor-top-column elementor-element elementor-element-93451b1\" data-id=\"93451b1\" data-element_type=\"column\" data-e-type=\"column\">\n\t\t\t<div class=\"elementor-widget-wrap elementor-element-populated\">\n\t\t\t\t\t\t<div class=\"elementor-element elementor-element-60d4b41 elementor-widget elementor-widget-text-editor\" data-id=\"60d4b41\" data-element_type=\"widget\" data-e-type=\"widget\" data-widget_type=\"text-editor.default\">\n\t\t\t\t\t\t\t\t\t<h3 data-start=\"298\" data-end=\"366\"><strong data-start=\"302\" data-end=\"366\">Solucions pensades pel ritme del teu forn<\/strong><\/h3><p data-start=\"367\" data-end=\"613\">La nostra gamma de productes permet oferir sempre un producte final atractiu per al client.<\/p><p data-start=\"367\" data-end=\"613\">Treballem amb fleques que busquen optimitzar temps, reduir minves i mantenir una qualitat constant a cada fornada. La nostra gamma de productes congelats permet oferir sempre un producte final homogeni, fresc i atractiu per al client.<\/p><p data-start=\"615\" data-end=\"798\">Gr\u00e0cies a una log\u00edstica eficient i un servei proper, prove\u00efm fleques de Lleida i Osca amb puntualitat i fiabilitat, adaptant-nos a les necessitats reals de cada negoci.<\/p>\t\t\t\t\t\t\t\t<\/div>\n\t\t\t\t\t<\/div>\n\t\t<\/div>\n\t\t\t\t\t<\/div>\n\t\t<\/section>\n\t\t\t\t<section class=\"elementor-section elementor-top-section elementor-element elementor-element-50555c8 elementor-section-stretched elementor-section-boxed elementor-section-height-default elementor-section-height-default\" data-id=\"50555c8\" data-element_type=\"section\" data-e-type=\"section\" data-settings=\"{&quot;stretch_section&quot;:&quot;section-stretched&quot;,&quot;background_background&quot;:&quot;classic&quot;}\">\n\t\t\t\t\t\t<div class=\"elementor-container elementor-column-gap-default\">\n\t\t\t\t\t<div class=\"elementor-column elementor-col-100 elementor-top-column elementor-element elementor-element-300c849\" data-id=\"300c849\" data-element_type=\"column\" data-e-type=\"column\">\n\t\t\t<div class=\"elementor-widget-wrap\">\n\t\t\t\t\t\t\t<\/div>\n\t\t<\/div>\n\t\t\t\t\t<\/div>\n\t\t<\/section>\n\t\t\t\t<section class=\"elementor-section elementor-top-section elementor-element elementor-element-d7356d6 elementor-section-content-top elementor-section-boxed elementor-section-height-default elementor-section-height-default\" data-id=\"d7356d6\" data-element_type=\"section\" data-e-type=\"section\">\n\t\t\t\t\t\t<div class=\"elementor-container elementor-column-gap-default\">\n\t\t\t\t\t<div class=\"elementor-column elementor-col-50 elementor-top-column elementor-element elementor-element-6f98f83\" data-id=\"6f98f83\" data-element_type=\"column\" data-e-type=\"column\">\n\t\t\t<div class=\"elementor-widget-wrap elementor-element-populated\">\n\t\t\t\t\t\t<div class=\"elementor-element elementor-element-0b714a0 elementor-widget elementor-widget-text-editor\" data-id=\"0b714a0\" data-element_type=\"widget\" data-e-type=\"widget\" data-widget_type=\"text-editor.default\">\n\t\t\t\t\t\t\t\t\t<h3 data-start=\"800\" data-end=\"833\"><strong data-start=\"804\" data-end=\"833\">La nostra gamma de productes<\/strong><\/h3><p data-start=\"834\" data-end=\"908\">Disposem d&#8217;una \u00e0mplia selecci\u00f3 de productes congelats per a fleca:<\/p><p data-start=\"911\" data-end=\"958\">\u2713 Masses de pa precuites i llistes per coure<\/p><p data-start=\"911\" data-end=\"958\">\u2713Bolleria<\/p><p data-start=\"984\" data-end=\"1022\">\u2713 Pans especials i formats variats<\/p><p data-start=\"1025\" data-end=\"1085\">\u2713 Productes pensats per a diferents volums de producci\u00f3<\/p><p data-start=\"1087\" data-end=\"1166\"><strong>Tots els nostres productes compleixen estrictes controls de qualitat i conservaci\u00f3.<\/strong><\/p>\t\t\t\t\t\t\t\t<\/div>\n\t\t\t\t\t<\/div>\n\t\t<\/div>\n\t\t\t\t<div class=\"elementor-column elementor-col-50 elementor-top-column elementor-element elementor-element-97139a5\" data-id=\"97139a5\" data-element_type=\"column\" data-e-type=\"column\">\n\t\t\t<div class=\"elementor-widget-wrap elementor-element-populated\">\n\t\t\t\t\t\t<div class=\"elementor-element elementor-element-8410efa elementor-widget elementor-widget-text-editor\" data-id=\"8410efa\" data-element_type=\"widget\" data-e-type=\"widget\" data-widget_type=\"text-editor.default\">\n\t\t\t\t\t\t\t\t\t<h3 data-start=\"1168\" data-end=\"1200\"><strong data-start=\"1172\" data-end=\"1200\">Avantatges per al teu negoci<\/strong><\/h3><p data-start=\"1203\" data-end=\"1244\">\u2713 Estalvi de temps i costos de producci\u00f3<\/p><p data-start=\"1247\" data-end=\"1282\">\u2713 Regularitat en el resultat final<\/p><p data-start=\"1285\" data-end=\"1334\">\u2713 Flexibilitat per adaptar-te a la demanda di\u00e0ria<\/p><p data-start=\"1337\" data-end=\"1368\">\u2713 Menor malbaratament de producte<\/p>\t\t\t\t\t\t\t\t<\/div>\n\t\t\t\t\t<\/div>\n\t\t<\/div>\n\t\t\t\t\t<\/div>\n\t\t<\/section>\n\t\t\t\t<section class=\"elementor-section elementor-top-section elementor-element elementor-element-20f66e5 elementor-section-stretched elementor-section-boxed elementor-section-height-default elementor-section-height-default\" data-id=\"20f66e5\" data-element_type=\"section\" data-e-type=\"section\" data-settings=\"{&quot;stretch_section&quot;:&quot;section-stretched&quot;,&quot;background_background&quot;:&quot;classic&quot;}\">\n\t\t\t\t\t\t<div class=\"elementor-container elementor-column-gap-no\">\n\t\t\t\t\t<div class=\"elementor-column elementor-col-100 elementor-top-column elementor-element elementor-element-fc29af9\" data-id=\"fc29af9\" data-element_type=\"column\" data-e-type=\"column\">\n\t\t\t<div class=\"elementor-widget-wrap elementor-element-populated\">\n\t\t\t\t\t\t<div class=\"elementor-element elementor-element-8ab2beb elementor-widget elementor-widget-text-editor\" data-id=\"8ab2beb\" data-element_type=\"widget\" data-e-type=\"widget\" data-widget_type=\"text-editor.default\">\n\t\t\t\t\t\t\t\t\t<h3 data-start=\"1370\" data-end=\"1409\"><span style=\"color: #ffffff;\"><strong data-start=\"1374\" data-end=\"1409\">Distribuci\u00f3 a Lleida i Osca<\/strong><\/span><\/h3><p style=\"color: #fff;\" data-start=\"1410\" data-end=\"1573\">Nuestro servicio log\u00edstico garantiza entregas puntuales y un mantenimiento \u00f3ptimo de la cadena de fr\u00edo, para que puedas centrarte en lo m\u00e1s importante: tu cliente.<\/p>\t\t\t\t\t\t\t\t<\/div>\n\t\t\t\t\t<\/div>\n\t\t<\/div>\n\t\t\t\t\t<\/div>\n\t\t<\/section>\n\t\t\t\t<section class=\"elementor-section elementor-top-section elementor-element elementor-element-7c1db74 elementor-section-boxed elementor-section-height-default elementor-section-height-default\" data-id=\"7c1db74\" data-element_type=\"section\" data-e-type=\"section\">\n\t\t\t\t\t\t<div class=\"elementor-container elementor-column-gap-no\">\n\t\t\t\t\t<div class=\"elementor-column elementor-col-100 elementor-top-column elementor-element elementor-element-6848f97\" data-id=\"6848f97\" data-element_type=\"column\" data-e-type=\"column\">\n\t\t\t<div class=\"elementor-widget-wrap elementor-element-populated\">\n\t\t\t\t\t\t<div class=\"elementor-element elementor-element-077f3e2 elementor-widget elementor-widget-heading\" data-id=\"077f3e2\" data-element_type=\"widget\" data-e-type=\"widget\" data-widget_type=\"heading.default\">\n\t\t\t\t\t<span class=\"elementor-heading-title elementor-size-default\">Sense intermediaris<\/span>\t\t\t\t<\/div>\n\t\t\t\t<div class=\"elementor-element elementor-element-3466b0b elementor-widget elementor-widget-heading\" data-id=\"3466b0b\" data-element_type=\"widget\" data-e-type=\"widget\" data-widget_type=\"heading.default\">\n\t\t\t\t\t<h2 class=\"elementor-heading-title elementor-size-default\">Contacta amb nosaltres<\/h2>\t\t\t\t<\/div>\n\t\t\t\t<div class=\"elementor-element elementor-element-b964bf1 elementor-widget__width-initial elementor-widget elementor-widget-text-editor\" data-id=\"b964bf1\" data-element_type=\"widget\" data-e-type=\"widget\" data-widget_type=\"text-editor.default\">\n\t\t\t\t\t\t\t\t\t<p class=\"bst-adv-heading_586d74-db wp-block-base-advancedheading\" data-bsb-block=\"bsb-adv-heading_586d74-db\">Tens algun dubte, vols m\u00e9s informaci\u00f3 o necessites un assessorament personalitzat pel teu negoci? Som aqu\u00ed per ajudar-te. Posa&#8217;t en contacte amb nosaltres i et respondrem amb la m\u00e0xima rapidesa possible. <\/p>\t\t\t\t\t\t\t\t<\/div>\n\t\t\t\t<div class=\"elementor-element elementor-element-66f875d elementor-align-center elementor-widget elementor-widget-button\" data-id=\"66f875d\" data-element_type=\"widget\" data-e-type=\"widget\" data-widget_type=\"button.default\">\n\t\t\t\t\t\t\t\t\t\t<a class=\"elementor-button elementor-button-link elementor-size-sm\" href=\"https:\/\/copancongelados.com\/contacta\/?lang=ca\">\n\t\t\t\t\t\t<span class=\"elementor-button-content-wrapper\">\n\t\t\t\t\t\t\t\t\t<span class=\"elementor-button-text\">CONTACTA CON NOSALTRES<\/span>\n\t\t\t\t\t<\/span>\n\t\t\t\t\t<\/a>\n\t\t\t\t\t\t\t\t<\/div>\n\t\t\t\t\t<\/div>\n\t\t<\/div>\n\t\t\t\t\t<\/div>\n\t\t<\/section>\n\t\t\t\t<\/div>\n\t\t","protected":false},"excerpt":{"rendered":"<p>Solucions pensades pel ritme del teu forn La nostra gamma de productes permet oferir sempre un producte final atractiu per al client. Treballem amb fleques que busquen optimitzar temps, reduir minves i mantenir una qualitat constant a cada fornada. La nostra gamma de productes congelats permet oferir sempre un producte final homogeni, fresc i atractiu&#8230;<\/p>\n","protected":false},"author":1,"featured_media":2421,"parent":2464,"menu_order":0,"comment_status":"closed","ping_status":"closed","template":"","meta":{"_acf_changed":false,"_bst_post_transparent":"","_bst_post_title":"","_bst_post_layout":"","_bst_post_sidebar_id":"","_bst_post_content_style":"","_bst_post_vertical_padding":"","_bst_post_feature":"","_bst_post_feature_position":"","_bst_post_header":false,"_bst_post_footer":false,"_joinchat":[],"footnotes":""},"class_list":["post-2531","page","type-page","status-publish","has-post-thumbnail","hentry"],"acf":[],"yoast_head":"<!-- This site is optimized with the Yoast SEO plugin v26.9 - https:\/\/yoast.com\/product\/yoast-seo-wordpress\/ -->\n<title>Productes Congelats per a fleques Lleida i Osca<\/title>\n<meta name=\"robots\" content=\"index, follow, max-snippet:-1, max-image-preview:large, max-video-preview:-1\" \/>\n<link rel=\"canonical\" href=\"https:\/\/copancongelados.com\/ca\/serveis\/productes-per-a-forns-lleida-i-osca\/\" \/>\n<meta property=\"og:locale\" content=\"ca_ES\" \/>\n<meta property=\"og:type\" content=\"article\" \/>\n<meta property=\"og:title\" content=\"Productes Congelats per a fleques Lleida i Osca\" \/>\n<meta property=\"og:description\" content=\"Solucions pensades pel ritme del teu forn La nostra gamma de productes permet oferir sempre un producte final atractiu per al client. Treballem amb fleques que busquen optimitzar temps, reduir minves i mantenir una qualitat constant a cada fornada. La nostra gamma de productes congelats permet oferir sempre un producte final homogeni, fresc i atractiu...\" \/>\n<meta property=\"og:url\" content=\"https:\/\/copancongelados.com\/ca\/serveis\/productes-per-a-forns-lleida-i-osca\/\" \/>\n<meta property=\"og:site_name\" content=\"COPAN\" \/>\n<meta property=\"article:modified_time\" content=\"2026-02-10T19:01:21+00:00\" \/>\n<meta property=\"og:image\" content=\"https:\/\/copancongelados.com\/wp-content\/uploads\/2025\/12\/churros-2-400x250-1.jpg\" \/>\n\t<meta property=\"og:image:width\" content=\"400\" \/>\n\t<meta property=\"og:image:height\" content=\"250\" \/>\n\t<meta property=\"og:image:type\" content=\"image\/jpeg\" \/>\n<meta name=\"twitter:card\" content=\"summary_large_image\" \/>\n<meta name=\"twitter:label1\" content=\"Temps estimat de lectura\" \/>\n\t<meta name=\"twitter:data1\" content=\"2 minuts\" \/>\n<script type=\"application\/ld+json\" class=\"yoast-schema-graph\">{\"@context\":\"https:\/\/schema.org\",\"@graph\":[{\"@type\":\"WebPage\",\"@id\":\"https:\/\/copancongelados.com\/ca\/serveis\/productes-per-a-forns-lleida-i-osca\/\",\"url\":\"https:\/\/copancongelados.com\/ca\/serveis\/productes-per-a-forns-lleida-i-osca\/\",\"name\":\"Productes Congelats per a fleques Lleida i Osca\",\"isPartOf\":{\"@id\":\"https:\/\/copancongelados.com\/#website\"},\"primaryImageOfPage\":{\"@id\":\"https:\/\/copancongelados.com\/ca\/serveis\/productes-per-a-forns-lleida-i-osca\/#primaryimage\"},\"image\":{\"@id\":\"https:\/\/copancongelados.com\/ca\/serveis\/productes-per-a-forns-lleida-i-osca\/#primaryimage\"},\"thumbnailUrl\":\"https:\/\/copancongelados.com\/wp-content\/uploads\/2025\/12\/churros-2-400x250-1.jpg\",\"datePublished\":\"2026-01-23T17:44:03+00:00\",\"dateModified\":\"2026-02-10T19:01:21+00:00\",\"breadcrumb\":{\"@id\":\"https:\/\/copancongelados.com\/ca\/serveis\/productes-per-a-forns-lleida-i-osca\/#breadcrumb\"},\"inLanguage\":\"ca\",\"potentialAction\":[{\"@type\":\"ReadAction\",\"target\":[\"https:\/\/copancongelados.com\/ca\/serveis\/productes-per-a-forns-lleida-i-osca\/\"]}]},{\"@type\":\"ImageObject\",\"inLanguage\":\"ca\",\"@id\":\"https:\/\/copancongelados.com\/ca\/serveis\/productes-per-a-forns-lleida-i-osca\/#primaryimage\",\"url\":\"https:\/\/copancongelados.com\/wp-content\/uploads\/2025\/12\/churros-2-400x250-1.jpg\",\"contentUrl\":\"https:\/\/copancongelados.com\/wp-content\/uploads\/2025\/12\/churros-2-400x250-1.jpg\",\"width\":400,\"height\":250},{\"@type\":\"BreadcrumbList\",\"@id\":\"https:\/\/copancongelados.com\/ca\/serveis\/productes-per-a-forns-lleida-i-osca\/#breadcrumb\",\"itemListElement\":[{\"@type\":\"ListItem\",\"position\":1,\"name\":\"Portada\",\"item\":\"https:\/\/copancongelados.com\/\"},{\"@type\":\"ListItem\",\"position\":2,\"name\":\"Serveis\",\"item\":\"https:\/\/copancongelados.com\/serveis\/?lang=ca\"},{\"@type\":\"ListItem\",\"position\":3,\"name\":\"Productes per a Forns \u2013 Lleida i Osca\"}]},{\"@type\":\"WebSite\",\"@id\":\"https:\/\/copancongelados.com\/#website\",\"url\":\"https:\/\/copancongelados.com\/\",\"name\":\"COPAN CONGELADOS\",\"description\":\"\",\"publisher\":{\"@id\":\"https:\/\/copancongelados.com\/#organization\"},\"potentialAction\":[{\"@type\":\"SearchAction\",\"target\":{\"@type\":\"EntryPoint\",\"urlTemplate\":\"https:\/\/copancongelados.com\/?s={search_term_string}\"},\"query-input\":{\"@type\":\"PropertyValueSpecification\",\"valueRequired\":true,\"valueName\":\"search_term_string\"}}],\"inLanguage\":\"ca\"},{\"@type\":\"Organization\",\"@id\":\"https:\/\/copancongelados.com\/#organization\",\"name\":\"COPAN CONGELADOS\",\"url\":\"https:\/\/copancongelados.com\/\",\"logo\":{\"@type\":\"ImageObject\",\"inLanguage\":\"ca\",\"@id\":\"https:\/\/copancongelados.com\/#\/schema\/logo\/image\/\",\"url\":\"https:\/\/copancongelados.com\/wp-content\/uploads\/2026\/02\/copan_logo_jpg-removebg-preview.png\",\"contentUrl\":\"https:\/\/copancongelados.com\/wp-content\/uploads\/2026\/02\/copan_logo_jpg-removebg-preview.png\",\"width\":960,\"height\":260,\"caption\":\"COPAN CONGELADOS\"},\"image\":{\"@id\":\"https:\/\/copancongelados.com\/#\/schema\/logo\/image\/\"}}]}<\/script>\n<!-- \/ Yoast SEO plugin. -->","yoast_head_json":{"title":"Productes Congelats per a fleques Lleida i Osca","robots":{"index":"index","follow":"follow","max-snippet":"max-snippet:-1","max-image-preview":"max-image-preview:large","max-video-preview":"max-video-preview:-1"},"canonical":"https:\/\/copancongelados.com\/ca\/serveis\/productes-per-a-forns-lleida-i-osca\/","og_locale":"ca_ES","og_type":"article","og_title":"Productes Congelats per a fleques Lleida i Osca","og_description":"Solucions pensades pel ritme del teu forn La nostra gamma de productes permet oferir sempre un producte final atractiu per al client. Treballem amb fleques que busquen optimitzar temps, reduir minves i mantenir una qualitat constant a cada fornada. La nostra gamma de productes congelats permet oferir sempre un producte final homogeni, fresc i atractiu...","og_url":"https:\/\/copancongelados.com\/ca\/serveis\/productes-per-a-forns-lleida-i-osca\/","og_site_name":"COPAN","article_modified_time":"2026-02-10T19:01:21+00:00","og_image":[{"width":400,"height":250,"url":"https:\/\/copancongelados.com\/wp-content\/uploads\/2025\/12\/churros-2-400x250-1.jpg","type":"image\/jpeg"}],"twitter_card":"summary_large_image","twitter_misc":{"Temps estimat de lectura":"2 minuts"},"schema":{"@context":"https:\/\/schema.org","@graph":[{"@type":"WebPage","@id":"https:\/\/copancongelados.com\/ca\/serveis\/productes-per-a-forns-lleida-i-osca\/","url":"https:\/\/copancongelados.com\/ca\/serveis\/productes-per-a-forns-lleida-i-osca\/","name":"Productes Congelats per a fleques Lleida i Osca","isPartOf":{"@id":"https:\/\/copancongelados.com\/#website"},"primaryImageOfPage":{"@id":"https:\/\/copancongelados.com\/ca\/serveis\/productes-per-a-forns-lleida-i-osca\/#primaryimage"},"image":{"@id":"https:\/\/copancongelados.com\/ca\/serveis\/productes-per-a-forns-lleida-i-osca\/#primaryimage"},"thumbnailUrl":"https:\/\/copancongelados.com\/wp-content\/uploads\/2025\/12\/churros-2-400x250-1.jpg","datePublished":"2026-01-23T17:44:03+00:00","dateModified":"2026-02-10T19:01:21+00:00","breadcrumb":{"@id":"https:\/\/copancongelados.com\/ca\/serveis\/productes-per-a-forns-lleida-i-osca\/#breadcrumb"},"inLanguage":"ca","potentialAction":[{"@type":"ReadAction","target":["https:\/\/copancongelados.com\/ca\/serveis\/productes-per-a-forns-lleida-i-osca\/"]}]},{"@type":"ImageObject","inLanguage":"ca","@id":"https:\/\/copancongelados.com\/ca\/serveis\/productes-per-a-forns-lleida-i-osca\/#primaryimage","url":"https:\/\/copancongelados.com\/wp-content\/uploads\/2025\/12\/churros-2-400x250-1.jpg","contentUrl":"https:\/\/copancongelados.com\/wp-content\/uploads\/2025\/12\/churros-2-400x250-1.jpg","width":400,"height":250},{"@type":"BreadcrumbList","@id":"https:\/\/copancongelados.com\/ca\/serveis\/productes-per-a-forns-lleida-i-osca\/#breadcrumb","itemListElement":[{"@type":"ListItem","position":1,"name":"Portada","item":"https:\/\/copancongelados.com\/"},{"@type":"ListItem","position":2,"name":"Serveis","item":"https:\/\/copancongelados.com\/serveis\/?lang=ca"},{"@type":"ListItem","position":3,"name":"Productes per a Forns \u2013 Lleida i Osca"}]},{"@type":"WebSite","@id":"https:\/\/copancongelados.com\/#website","url":"https:\/\/copancongelados.com\/","name":"COPAN CONGELADOS","description":"","publisher":{"@id":"https:\/\/copancongelados.com\/#organization"},"potentialAction":[{"@type":"SearchAction","target":{"@type":"EntryPoint","urlTemplate":"https:\/\/copancongelados.com\/?s={search_term_string}"},"query-input":{"@type":"PropertyValueSpecification","valueRequired":true,"valueName":"search_term_string"}}],"inLanguage":"ca"},{"@type":"Organization","@id":"https:\/\/copancongelados.com\/#organization","name":"COPAN CONGELADOS","url":"https:\/\/copancongelados.com\/","logo":{"@type":"ImageObject","inLanguage":"ca","@id":"https:\/\/copancongelados.com\/#\/schema\/logo\/image\/","url":"https:\/\/copancongelados.com\/wp-content\/uploads\/2026\/02\/copan_logo_jpg-removebg-preview.png","contentUrl":"https:\/\/copancongelados.com\/wp-content\/uploads\/2026\/02\/copan_logo_jpg-removebg-preview.png","width":960,"height":260,"caption":"COPAN CONGELADOS"},"image":{"@id":"https:\/\/copancongelados.com\/#\/schema\/logo\/image\/"}}]}},"_links":{"self":[{"href":"https:\/\/copancongelados.com\/ca\/wp-json\/wp\/v2\/pages\/2531","targetHints":{"allow":["GET"]}}],"collection":[{"href":"https:\/\/copancongelados.com\/ca\/wp-json\/wp\/v2\/pages"}],"about":[{"href":"https:\/\/copancongelados.com\/ca\/wp-json\/wp\/v2\/types\/page"}],"author":[{"embeddable":true,"href":"https:\/\/copancongelados.com\/ca\/wp-json\/wp\/v2\/users\/1"}],"replies":[{"embeddable":true,"href":"https:\/\/copancongelados.com\/ca\/wp-json\/wp\/v2\/comments?post=2531"}],"version-history":[{"count":7,"href":"https:\/\/copancongelados.com\/ca\/wp-json\/wp\/v2\/pages\/2531\/revisions"}],"predecessor-version":[{"id":2600,"href":"https:\/\/copancongelados.com\/ca\/wp-json\/wp\/v2\/pages\/2531\/revisions\/2600"}],"up":[{"embeddable":true,"href":"https:\/\/copancongelados.com\/ca\/wp-json\/wp\/v2\/pages\/2464"}],"wp:featuredmedia":[{"embeddable":true,"href":"https:\/\/copancongelados.com\/ca\/wp-json\/wp\/v2\/media\/2421"}],"wp:attachment":[{"href":"https:\/\/copancongelados.com\/ca\/wp-json\/wp\/v2\/media?parent=2531"}],"curies":[{"name":"wp","href":"https:\/\/api.w.org\/{rel}","templated":true}]}}