{"id":2537,"date":"2026-01-23T18:59:23","date_gmt":"2026-01-23T17:59:23","guid":{"rendered":"https:\/\/copancongelados.panelserver.org\/serveis\/productes-congelats-per-a-supermercats-lleida-i-osca\/"},"modified":"2026-02-10T20:02:36","modified_gmt":"2026-02-10T19:02:36","slug":"productes-per-a-supermercats-lleida-i-osca","status":"publish","type":"page","link":"https:\/\/copancongelados.com\/ca\/serveis\/productes-per-a-supermercats-lleida-i-osca\/","title":{"rendered":"Productes per a Supermercats \u2013 Lleida i Osca"},"content":{"rendered":"\t\t<div data-elementor-type=\"wp-page\" data-elementor-id=\"2537\" class=\"elementor elementor-2537 elementor-2220\">\n\t\t\t\t\t\t<section class=\"elementor-section elementor-top-section elementor-element elementor-element-1725731 elementor-section-stretched elementor-section-boxed elementor-section-height-default elementor-section-height-default\" data-id=\"1725731\" data-element_type=\"section\" data-e-type=\"section\" data-settings=\"{&quot;stretch_section&quot;:&quot;section-stretched&quot;,&quot;background_background&quot;:&quot;classic&quot;}\">\n\t\t\t\t\t\t<div class=\"elementor-container elementor-column-gap-no\">\n\t\t\t\t\t<div class=\"elementor-column elementor-col-100 elementor-top-column elementor-element elementor-element-93451b1\" data-id=\"93451b1\" data-element_type=\"column\" data-e-type=\"column\">\n\t\t\t<div class=\"elementor-widget-wrap elementor-element-populated\">\n\t\t\t\t\t\t<div class=\"elementor-element elementor-element-60d4b41 elementor-widget elementor-widget-text-editor\" data-id=\"60d4b41\" data-element_type=\"widget\" data-e-type=\"widget\" data-widget_type=\"text-editor.default\">\n\t\t\t\t\t\t\t\t\t<h3 data-start=\"1649\" data-end=\"1707\"><strong data-start=\"1653\" data-end=\"1707\">Un assortiment adaptat al consumidor actual<\/strong><\/h3><p data-start=\"1708\" data-end=\"1956\">Oferim solucions en productes pensades pel canal retail, amb refer\u00e8ncies que combinen qualitat, practicitat i rotaci\u00f3. Treballem perqu\u00e8 els teus lineals estiguin sempre ben prove\u00efts i responguin a les expectatives del consumidor.<\/p><p data-start=\"1958\" data-end=\"2075\">Atenem supermercats de Lleida i Osca amb un servei \u00e0gil, proper i orientat a la continu\u00eftat del subministrament.<\/p>\t\t\t\t\t\t\t\t<\/div>\n\t\t\t\t\t<\/div>\n\t\t<\/div>\n\t\t\t\t\t<\/div>\n\t\t<\/section>\n\t\t\t\t<section class=\"elementor-section elementor-top-section elementor-element elementor-element-50555c8 elementor-section-stretched elementor-section-boxed elementor-section-height-default elementor-section-height-default\" data-id=\"50555c8\" data-element_type=\"section\" data-e-type=\"section\" data-settings=\"{&quot;stretch_section&quot;:&quot;section-stretched&quot;,&quot;background_background&quot;:&quot;classic&quot;}\">\n\t\t\t\t\t\t<div class=\"elementor-container elementor-column-gap-default\">\n\t\t\t\t\t<div class=\"elementor-column elementor-col-100 elementor-top-column elementor-element elementor-element-300c849\" data-id=\"300c849\" data-element_type=\"column\" data-e-type=\"column\">\n\t\t\t<div class=\"elementor-widget-wrap\">\n\t\t\t\t\t\t\t<\/div>\n\t\t<\/div>\n\t\t\t\t\t<\/div>\n\t\t<\/section>\n\t\t\t\t<section class=\"elementor-section elementor-top-section elementor-element elementor-element-d7356d6 elementor-section-content-top elementor-section-boxed elementor-section-height-default elementor-section-height-default\" data-id=\"d7356d6\" data-element_type=\"section\" data-e-type=\"section\">\n\t\t\t\t\t\t<div class=\"elementor-container elementor-column-gap-default\">\n\t\t\t\t\t<div class=\"elementor-column elementor-col-50 elementor-top-column elementor-element elementor-element-6f98f83\" data-id=\"6f98f83\" data-element_type=\"column\" data-e-type=\"column\">\n\t\t\t<div class=\"elementor-widget-wrap elementor-element-populated\">\n\t\t\t\t\t\t<div class=\"elementor-element elementor-element-0b714a0 elementor-widget elementor-widget-text-editor\" data-id=\"0b714a0\" data-element_type=\"widget\" data-e-type=\"widget\" data-widget_type=\"text-editor.default\">\n\t\t\t\t\t\t\t\t\t<h3 data-start=\"2077\" data-end=\"2113\"><strong data-start=\"2081\" data-end=\"2113\">\u00c0mplia varietat de productes<\/strong><\/h3><p data-start=\"2142\" data-end=\"2182\">\u2713 Productes congelats de consum diari<\/p><p data-start=\"2185\" data-end=\"2230\">\u2713 Refer\u00e8ncies pr\u00e0ctiques i f\u00e0cils de preparar<\/p><p data-start=\"2233\" data-end=\"2282\">\u2713 Diferents formats adaptats al punt de venda<\/p><p data-start=\"2285\" data-end=\"2314\">\u2713 Productes amb alta rotaci\u00f3<\/p>\t\t\t\t\t\t\t\t<\/div>\n\t\t\t\t\t<\/div>\n\t\t<\/div>\n\t\t\t\t<div class=\"elementor-column elementor-col-50 elementor-top-column elementor-element elementor-element-97139a5\" data-id=\"97139a5\" data-element_type=\"column\" data-e-type=\"column\">\n\t\t\t<div class=\"elementor-widget-wrap elementor-element-populated\">\n\t\t\t\t\t\t<div class=\"elementor-element elementor-element-8410efa elementor-widget elementor-widget-text-editor\" data-id=\"8410efa\" data-element_type=\"widget\" data-e-type=\"widget\" data-widget_type=\"text-editor.default\">\n\t\t\t\t\t\t\t\t\t<h3 data-start=\"2409\" data-end=\"2447\"><strong data-start=\"2413\" data-end=\"2447\">Un prove\u00efdor on confiar<\/strong><\/h3><p data-start=\"2450\" data-end=\"2480\">\u2713 Regularitat en el subministrament<\/p><p data-start=\"2483\" data-end=\"2518\">\u2713 Qualitat constant a cada entrega<\/p><p data-start=\"2521\" data-end=\"2546\">\u2713 Flexibilitat en comandes<\/p><p data-start=\"2549\" data-end=\"2573\">\u2713 Atenci\u00f3 personalitzada<\/p>\t\t\t\t\t\t\t\t<\/div>\n\t\t\t\t\t<\/div>\n\t\t<\/div>\n\t\t\t\t\t<\/div>\n\t\t<\/section>\n\t\t\t\t<section class=\"elementor-section elementor-top-section elementor-element elementor-element-20f66e5 elementor-section-stretched elementor-section-boxed elementor-section-height-default elementor-section-height-default\" data-id=\"20f66e5\" data-element_type=\"section\" data-e-type=\"section\" data-settings=\"{&quot;stretch_section&quot;:&quot;section-stretched&quot;,&quot;background_background&quot;:&quot;classic&quot;}\">\n\t\t\t\t\t\t<div class=\"elementor-container elementor-column-gap-no\">\n\t\t\t\t\t<div class=\"elementor-column elementor-col-100 elementor-top-column elementor-element elementor-element-fc29af9\" data-id=\"fc29af9\" data-element_type=\"column\" data-e-type=\"column\">\n\t\t\t<div class=\"elementor-widget-wrap elementor-element-populated\">\n\t\t\t\t\t\t<div class=\"elementor-element elementor-element-8ab2beb elementor-widget elementor-widget-text-editor\" data-id=\"8ab2beb\" data-element_type=\"widget\" data-e-type=\"widget\" data-widget_type=\"text-editor.default\">\n\t\t\t\t\t\t\t\t\t<h3 data-start=\"2575\" data-end=\"2602\"><span style=\"color: #ffffff;\"><strong data-start=\"2579\" data-end=\"2602\">Log\u00edstica eficient<\/strong><\/span><\/h3><p style=\"color: #fff;\" data-start=\"2603\" data-end=\"2753\">Comptem amb un sistema de distribuci\u00f3 que assegura lliuraments puntuals a tota la prov\u00edncia de Lleida i Osca, mantenint sempre la cadena de fred.<\/p>\t\t\t\t\t\t\t\t<\/div>\n\t\t\t\t\t<\/div>\n\t\t<\/div>\n\t\t\t\t\t<\/div>\n\t\t<\/section>\n\t\t\t\t<section class=\"elementor-section elementor-top-section elementor-element elementor-element-7c1db74 elementor-section-boxed elementor-section-height-default elementor-section-height-default\" data-id=\"7c1db74\" data-element_type=\"section\" data-e-type=\"section\">\n\t\t\t\t\t\t<div class=\"elementor-container elementor-column-gap-no\">\n\t\t\t\t\t<div class=\"elementor-column elementor-col-100 elementor-top-column elementor-element elementor-element-6848f97\" data-id=\"6848f97\" data-element_type=\"column\" data-e-type=\"column\">\n\t\t\t<div class=\"elementor-widget-wrap elementor-element-populated\">\n\t\t\t\t\t\t<div class=\"elementor-element elementor-element-077f3e2 elementor-widget elementor-widget-heading\" data-id=\"077f3e2\" data-element_type=\"widget\" data-e-type=\"widget\" data-widget_type=\"heading.default\">\n\t\t\t\t\t<span class=\"elementor-heading-title elementor-size-default\">Sense intermediaris<\/span>\t\t\t\t<\/div>\n\t\t\t\t<div class=\"elementor-element elementor-element-3466b0b elementor-widget elementor-widget-heading\" data-id=\"3466b0b\" data-element_type=\"widget\" data-e-type=\"widget\" data-widget_type=\"heading.default\">\n\t\t\t\t\t<h2 class=\"elementor-heading-title elementor-size-default\">Contacta amb nosaltres<\/h2>\t\t\t\t<\/div>\n\t\t\t\t<div class=\"elementor-element elementor-element-b964bf1 elementor-widget__width-initial elementor-widget elementor-widget-text-editor\" data-id=\"b964bf1\" data-element_type=\"widget\" data-e-type=\"widget\" data-widget_type=\"text-editor.default\">\n\t\t\t\t\t\t\t\t\t<p class=\"bst-adv-heading_586d74-db wp-block-base-advancedheading\" data-bsb-block=\"bsb-adv-heading_586d74-db\">Tens algun dubte, vols m\u00e9s informaci\u00f3 o necessites un assessorament personalitzat pel teu negoci? Som aqu\u00ed per ajudar-te. Posa&#8217;t en contacte amb nosaltres i et respondrem amb la m\u00e0xima rapidesa possible. <\/p>\t\t\t\t\t\t\t\t<\/div>\n\t\t\t\t<div class=\"elementor-element elementor-element-66f875d elementor-align-center elementor-widget elementor-widget-button\" data-id=\"66f875d\" data-element_type=\"widget\" data-e-type=\"widget\" data-widget_type=\"button.default\">\n\t\t\t\t\t\t\t\t\t\t<a class=\"elementor-button elementor-button-link elementor-size-sm\" href=\"https:\/\/copancongelados.com\/contacta\/?lang=ca\">\n\t\t\t\t\t\t<span class=\"elementor-button-content-wrapper\">\n\t\t\t\t\t\t\t\t\t<span class=\"elementor-button-text\">CONTACTA CON NOSALTRES<\/span>\n\t\t\t\t\t<\/span>\n\t\t\t\t\t<\/a>\n\t\t\t\t\t\t\t\t<\/div>\n\t\t\t\t\t<\/div>\n\t\t<\/div>\n\t\t\t\t\t<\/div>\n\t\t<\/section>\n\t\t\t\t<\/div>\n\t\t","protected":false},"excerpt":{"rendered":"<p>Un assortiment adaptat al consumidor actual Oferim solucions en productes pensades pel canal retail, amb refer\u00e8ncies que combinen qualitat, practicitat i rotaci\u00f3. Treballem perqu\u00e8 els teus lineals estiguin sempre ben prove\u00efts i responguin a les expectatives del consumidor. Atenem supermercats de Lleida i Osca amb un servei \u00e0gil, proper i orientat a la continu\u00eftat del&#8230;<\/p>\n","protected":false},"author":1,"featured_media":0,"parent":2464,"menu_order":0,"comment_status":"closed","ping_status":"closed","template":"","meta":{"_acf_changed":false,"_bst_post_transparent":"","_bst_post_title":"","_bst_post_layout":"","_bst_post_sidebar_id":"","_bst_post_content_style":"","_bst_post_vertical_padding":"","_bst_post_feature":"","_bst_post_feature_position":"","_bst_post_header":false,"_bst_post_footer":false,"_joinchat":[],"footnotes":""},"class_list":["post-2537","page","type-page","status-publish","hentry"],"acf":[],"yoast_head":"<!-- This site is optimized with the Yoast SEO plugin v26.9 - https:\/\/yoast.com\/product\/yoast-seo-wordpress\/ -->\n<title>Productes Congelats per a supermercats Lleida i Osca<\/title>\n<meta name=\"robots\" content=\"index, follow, max-snippet:-1, max-image-preview:large, max-video-preview:-1\" \/>\n<link rel=\"canonical\" href=\"https:\/\/copancongelados.com\/ca\/serveis\/productes-per-a-supermercats-lleida-i-osca\/\" \/>\n<meta property=\"og:locale\" content=\"ca_ES\" \/>\n<meta property=\"og:type\" content=\"article\" \/>\n<meta property=\"og:title\" content=\"Productes Congelats per a supermercats Lleida i Osca\" \/>\n<meta property=\"og:description\" content=\"Un assortiment adaptat al consumidor actual Oferim solucions en productes pensades pel canal retail, amb refer\u00e8ncies que combinen qualitat, practicitat i rotaci\u00f3. Treballem perqu\u00e8 els teus lineals estiguin sempre ben prove\u00efts i responguin a les expectatives del consumidor. Atenem supermercats de Lleida i Osca amb un servei \u00e0gil, proper i orientat a la continu\u00eftat del...\" \/>\n<meta property=\"og:url\" content=\"https:\/\/copancongelados.com\/ca\/serveis\/productes-per-a-supermercats-lleida-i-osca\/\" \/>\n<meta property=\"og:site_name\" content=\"COPAN\" \/>\n<meta property=\"article:modified_time\" content=\"2026-02-10T19:02:36+00:00\" \/>\n<meta name=\"twitter:card\" content=\"summary_large_image\" \/>\n<meta name=\"twitter:label1\" content=\"Temps estimat de lectura\" \/>\n\t<meta name=\"twitter:data1\" content=\"1 minut\" \/>\n<script type=\"application\/ld+json\" class=\"yoast-schema-graph\">{\"@context\":\"https:\/\/schema.org\",\"@graph\":[{\"@type\":\"WebPage\",\"@id\":\"https:\/\/copancongelados.com\/ca\/serveis\/productes-per-a-supermercats-lleida-i-osca\/\",\"url\":\"https:\/\/copancongelados.com\/ca\/serveis\/productes-per-a-supermercats-lleida-i-osca\/\",\"name\":\"Productes Congelats per a supermercats Lleida i Osca\",\"isPartOf\":{\"@id\":\"https:\/\/copancongelados.com\/#website\"},\"datePublished\":\"2026-01-23T17:59:23+00:00\",\"dateModified\":\"2026-02-10T19:02:36+00:00\",\"breadcrumb\":{\"@id\":\"https:\/\/copancongelados.com\/ca\/serveis\/productes-per-a-supermercats-lleida-i-osca\/#breadcrumb\"},\"inLanguage\":\"ca\",\"potentialAction\":[{\"@type\":\"ReadAction\",\"target\":[\"https:\/\/copancongelados.com\/ca\/serveis\/productes-per-a-supermercats-lleida-i-osca\/\"]}]},{\"@type\":\"BreadcrumbList\",\"@id\":\"https:\/\/copancongelados.com\/ca\/serveis\/productes-per-a-supermercats-lleida-i-osca\/#breadcrumb\",\"itemListElement\":[{\"@type\":\"ListItem\",\"position\":1,\"name\":\"Portada\",\"item\":\"https:\/\/copancongelados.com\/\"},{\"@type\":\"ListItem\",\"position\":2,\"name\":\"Serveis\",\"item\":\"https:\/\/copancongelados.com\/serveis\/?lang=ca\"},{\"@type\":\"ListItem\",\"position\":3,\"name\":\"Productes per a Supermercats \u2013 Lleida i Osca\"}]},{\"@type\":\"WebSite\",\"@id\":\"https:\/\/copancongelados.com\/#website\",\"url\":\"https:\/\/copancongelados.com\/\",\"name\":\"COPAN CONGELADOS\",\"description\":\"\",\"publisher\":{\"@id\":\"https:\/\/copancongelados.com\/#organization\"},\"potentialAction\":[{\"@type\":\"SearchAction\",\"target\":{\"@type\":\"EntryPoint\",\"urlTemplate\":\"https:\/\/copancongelados.com\/?s={search_term_string}\"},\"query-input\":{\"@type\":\"PropertyValueSpecification\",\"valueRequired\":true,\"valueName\":\"search_term_string\"}}],\"inLanguage\":\"ca\"},{\"@type\":\"Organization\",\"@id\":\"https:\/\/copancongelados.com\/#organization\",\"name\":\"COPAN CONGELADOS\",\"url\":\"https:\/\/copancongelados.com\/\",\"logo\":{\"@type\":\"ImageObject\",\"inLanguage\":\"ca\",\"@id\":\"https:\/\/copancongelados.com\/#\/schema\/logo\/image\/\",\"url\":\"https:\/\/copancongelados.com\/wp-content\/uploads\/2026\/02\/copan_logo_jpg-removebg-preview.png\",\"contentUrl\":\"https:\/\/copancongelados.com\/wp-content\/uploads\/2026\/02\/copan_logo_jpg-removebg-preview.png\",\"width\":960,\"height\":260,\"caption\":\"COPAN CONGELADOS\"},\"image\":{\"@id\":\"https:\/\/copancongelados.com\/#\/schema\/logo\/image\/\"}}]}<\/script>\n<!-- \/ Yoast SEO plugin. -->","yoast_head_json":{"title":"Productes Congelats per a supermercats Lleida i Osca","robots":{"index":"index","follow":"follow","max-snippet":"max-snippet:-1","max-image-preview":"max-image-preview:large","max-video-preview":"max-video-preview:-1"},"canonical":"https:\/\/copancongelados.com\/ca\/serveis\/productes-per-a-supermercats-lleida-i-osca\/","og_locale":"ca_ES","og_type":"article","og_title":"Productes Congelats per a supermercats Lleida i Osca","og_description":"Un assortiment adaptat al consumidor actual Oferim solucions en productes pensades pel canal retail, amb refer\u00e8ncies que combinen qualitat, practicitat i rotaci\u00f3. Treballem perqu\u00e8 els teus lineals estiguin sempre ben prove\u00efts i responguin a les expectatives del consumidor. Atenem supermercats de Lleida i Osca amb un servei \u00e0gil, proper i orientat a la continu\u00eftat del...","og_url":"https:\/\/copancongelados.com\/ca\/serveis\/productes-per-a-supermercats-lleida-i-osca\/","og_site_name":"COPAN","article_modified_time":"2026-02-10T19:02:36+00:00","twitter_card":"summary_large_image","twitter_misc":{"Temps estimat de lectura":"1 minut"},"schema":{"@context":"https:\/\/schema.org","@graph":[{"@type":"WebPage","@id":"https:\/\/copancongelados.com\/ca\/serveis\/productes-per-a-supermercats-lleida-i-osca\/","url":"https:\/\/copancongelados.com\/ca\/serveis\/productes-per-a-supermercats-lleida-i-osca\/","name":"Productes Congelats per a supermercats Lleida i Osca","isPartOf":{"@id":"https:\/\/copancongelados.com\/#website"},"datePublished":"2026-01-23T17:59:23+00:00","dateModified":"2026-02-10T19:02:36+00:00","breadcrumb":{"@id":"https:\/\/copancongelados.com\/ca\/serveis\/productes-per-a-supermercats-lleida-i-osca\/#breadcrumb"},"inLanguage":"ca","potentialAction":[{"@type":"ReadAction","target":["https:\/\/copancongelados.com\/ca\/serveis\/productes-per-a-supermercats-lleida-i-osca\/"]}]},{"@type":"BreadcrumbList","@id":"https:\/\/copancongelados.com\/ca\/serveis\/productes-per-a-supermercats-lleida-i-osca\/#breadcrumb","itemListElement":[{"@type":"ListItem","position":1,"name":"Portada","item":"https:\/\/copancongelados.com\/"},{"@type":"ListItem","position":2,"name":"Serveis","item":"https:\/\/copancongelados.com\/serveis\/?lang=ca"},{"@type":"ListItem","position":3,"name":"Productes per a Supermercats \u2013 Lleida i Osca"}]},{"@type":"WebSite","@id":"https:\/\/copancongelados.com\/#website","url":"https:\/\/copancongelados.com\/","name":"COPAN CONGELADOS","description":"","publisher":{"@id":"https:\/\/copancongelados.com\/#organization"},"potentialAction":[{"@type":"SearchAction","target":{"@type":"EntryPoint","urlTemplate":"https:\/\/copancongelados.com\/?s={search_term_string}"},"query-input":{"@type":"PropertyValueSpecification","valueRequired":true,"valueName":"search_term_string"}}],"inLanguage":"ca"},{"@type":"Organization","@id":"https:\/\/copancongelados.com\/#organization","name":"COPAN CONGELADOS","url":"https:\/\/copancongelados.com\/","logo":{"@type":"ImageObject","inLanguage":"ca","@id":"https:\/\/copancongelados.com\/#\/schema\/logo\/image\/","url":"https:\/\/copancongelados.com\/wp-content\/uploads\/2026\/02\/copan_logo_jpg-removebg-preview.png","contentUrl":"https:\/\/copancongelados.com\/wp-content\/uploads\/2026\/02\/copan_logo_jpg-removebg-preview.png","width":960,"height":260,"caption":"COPAN CONGELADOS"},"image":{"@id":"https:\/\/copancongelados.com\/#\/schema\/logo\/image\/"}}]}},"_links":{"self":[{"href":"https:\/\/copancongelados.com\/ca\/wp-json\/wp\/v2\/pages\/2537","targetHints":{"allow":["GET"]}}],"collection":[{"href":"https:\/\/copancongelados.com\/ca\/wp-json\/wp\/v2\/pages"}],"about":[{"href":"https:\/\/copancongelados.com\/ca\/wp-json\/wp\/v2\/types\/page"}],"author":[{"embeddable":true,"href":"https:\/\/copancongelados.com\/ca\/wp-json\/wp\/v2\/users\/1"}],"replies":[{"embeddable":true,"href":"https:\/\/copancongelados.com\/ca\/wp-json\/wp\/v2\/comments?post=2537"}],"version-history":[{"count":7,"href":"https:\/\/copancongelados.com\/ca\/wp-json\/wp\/v2\/pages\/2537\/revisions"}],"predecessor-version":[{"id":2602,"href":"https:\/\/copancongelados.com\/ca\/wp-json\/wp\/v2\/pages\/2537\/revisions\/2602"}],"up":[{"embeddable":true,"href":"https:\/\/copancongelados.com\/ca\/wp-json\/wp\/v2\/pages\/2464"}],"wp:attachment":[{"href":"https:\/\/copancongelados.com\/ca\/wp-json\/wp\/v2\/media?parent=2537"}],"curies":[{"name":"wp","href":"https:\/\/api.w.org\/{rel}","templated":true}]}}