{"id":2548,"date":"2023-10-05T04:26:55","date_gmt":"2023-10-05T02:26:55","guid":{"rendered":"https:\/\/copancongelados.panelserver.org\/catalegs\/"},"modified":"2026-02-06T14:05:19","modified_gmt":"2026-02-06T13:05:19","slug":"catalegs","status":"publish","type":"page","link":"https:\/\/copancongelados.com\/ca\/catalegs\/","title":{"rendered":"Cat\u00e0legs"},"content":{"rendered":"\t\t<div data-elementor-type=\"wp-page\" data-elementor-id=\"2548\" class=\"elementor elementor-2548 elementor-60\">\n\t\t\t\t\t\t<section class=\"elementor-section elementor-top-section elementor-element elementor-element-d8d5348 elementor-section-boxed elementor-section-height-default elementor-section-height-default\" data-id=\"d8d5348\" data-element_type=\"section\" data-e-type=\"section\">\n\t\t\t\t\t\t<div class=\"elementor-container elementor-column-gap-no\">\n\t\t\t\t\t<div class=\"elementor-column elementor-col-100 elementor-top-column elementor-element elementor-element-c1413be\" data-id=\"c1413be\" data-element_type=\"column\" data-e-type=\"column\">\n\t\t\t<div class=\"elementor-widget-wrap elementor-element-populated\">\n\t\t\t\t\t\t<div class=\"elementor-element elementor-element-7c448ec elementor-widget elementor-widget-heading\" data-id=\"7c448ec\" data-element_type=\"widget\" data-e-type=\"widget\" data-widget_type=\"heading.default\">\n\t\t\t\t\t<span class=\"elementor-heading-title elementor-size-default\">Productes<\/span>\t\t\t\t<\/div>\n\t\t\t\t<div class=\"elementor-element elementor-element-1a4a6b4 elementor-widget elementor-widget-heading\" data-id=\"1a4a6b4\" data-element_type=\"widget\" data-e-type=\"widget\" data-widget_type=\"heading.default\">\n\t\t\t\t\t<h2 class=\"elementor-heading-title elementor-size-default\">Els nostres cat\u00e0legs<\/h2>\t\t\t\t<\/div>\n\t\t\t\t<div class=\"elementor-element elementor-element-d956f77 elementor-widget elementor-widget-text-editor\" data-id=\"d956f77\" data-element_type=\"widget\" data-e-type=\"widget\" data-widget_type=\"text-editor.default\">\n\t\t\t\t\t\t\t\t\t<p>A la nostra secci\u00f3 de cat\u00e0legs trobar\u00e0s una cuidada selecci\u00f3 de productes congelats, elaborats per conservar tota la seva frescor, sabor i qualitat des de l&#8217;origen fins a la teva taula. Gr\u00e0cies als nostres processos d&#8217;ultracongelaci\u00f3, garantim aliments pr\u00e0ctics, segurs i preparats per adaptar-se a les necessitats del teu negoci o del teu dia a dia.<\/p><p data-start=\"135\" data-end=\"490\"><span style=\"background-color: transparent;\">Explora les nostres diferents categories i descobreix solucions pensades tant pel sector professional com pel consum dom\u00e8stic, amb una \u00e0mplia varietat de formats i presentacions.<\/span><\/p>\t\t\t\t\t\t\t\t<\/div>\n\t\t\t\t\t<\/div>\n\t\t<\/div>\n\t\t\t\t\t<\/div>\n\t\t<\/section>\n\t\t<div class=\"elementor-element elementor-element-98ff4dd e-flex e-con-boxed e-con e-parent\" data-id=\"98ff4dd\" data-element_type=\"container\" data-e-type=\"container\">\n\t\t\t\t\t<div class=\"e-con-inner\">\n\t\t\t\t<div class=\"elementor-element elementor-element-082d0b4 elementor-widget elementor-widget-shortcode\" data-id=\"082d0b4\" data-element_type=\"widget\" data-e-type=\"widget\" data-widget_type=\"shortcode.default\">\n\t\t\t\t\t\t\t<div class=\"elementor-shortcode\">       \n        <div class=\"catalogo-grid\">\n                    <div class=\"catalogo-item\">\n                <a href=\"https:\/\/copancongelados.com\/wp-content\/uploads\/2026\/02\/CATALOGO-PANAMAR-2026.pdf\" target=\"_blank\">\n                                            <img decoding=\"async\" src=\"https:\/\/copancongelados.com\/wp-content\/uploads\/2026\/02\/paramar-1.jpg\" alt=\"Paramar\">\n                                        <h3>Paramar<\/h3>\n                <\/a>\n            <\/div>\n                    <div class=\"catalogo-item\">\n                <a href=\"https:\/\/copancongelados.com\/wp-content\/uploads\/2026\/02\/LUMAI-Catalogo-2025.pdf\" target=\"_blank\">\n                                            <img decoding=\"async\" src=\"https:\/\/copancongelados.com\/wp-content\/uploads\/2026\/02\/lumai.jpg\" alt=\"Lumai\">\n                                        <h3>Lumai<\/h3>\n                <\/a>\n            <\/div>\n                    <div class=\"catalogo-item\">\n                <a href=\"https:\/\/copancongelados.com\/wp-content\/uploads\/2025\/12\/cataleg-fins-40.pdf\" target=\"_blank\">\n                                            <img decoding=\"async\" src=\"https:\/\/copancongelados.com\/wp-content\/uploads\/2026\/01\/delifrance.jpg\" alt=\"Delifrance\">\n                                        <h3>Delifrance<\/h3>\n                <\/a>\n            <\/div>\n                <\/div>\n\n    <\/div>\n\t\t\t\t\t\t<\/div>\n\t\t\t\t\t<\/div>\n\t\t\t\t<\/div>\n\t\t\t\t<section class=\"elementor-section elementor-top-section elementor-element elementor-element-c6424ac elementor-section-boxed elementor-section-height-default elementor-section-height-default\" data-id=\"c6424ac\" data-element_type=\"section\" data-e-type=\"section\">\n\t\t\t\t\t\t<div class=\"elementor-container elementor-column-gap-no\">\n\t\t\t\t\t<div class=\"elementor-column elementor-col-100 elementor-top-column elementor-element elementor-element-7a19381\" data-id=\"7a19381\" data-element_type=\"column\" data-e-type=\"column\">\n\t\t\t<div class=\"elementor-widget-wrap elementor-element-populated\">\n\t\t\t\t\t\t<div class=\"elementor-element elementor-element-302bb71 elementor-widget elementor-widget-heading\" data-id=\"302bb71\" data-element_type=\"widget\" data-e-type=\"widget\" data-widget_type=\"heading.default\">\n\t\t\t\t\t<span class=\"elementor-heading-title elementor-size-default\">Tenim m\u00e9s...\n<\/span>\t\t\t\t<\/div>\n\t\t\t\t<div class=\"elementor-element elementor-element-4459721 elementor-widget elementor-widget-heading\" data-id=\"4459721\" data-element_type=\"widget\" data-e-type=\"widget\" data-widget_type=\"heading.default\">\n\t\t\t\t\t<h2 class=\"elementor-heading-title elementor-size-default\">Vols veure m\u00e9s productes?<\/h2>\t\t\t\t<\/div>\n\t\t\t\t<div class=\"elementor-element elementor-element-850550e elementor-widget elementor-widget-text-editor\" data-id=\"850550e\" data-element_type=\"widget\" data-e-type=\"widget\" data-widget_type=\"text-editor.default\">\n\t\t\t\t\t\t\t\t\t<p data-start=\"0\" data-end=\"286\">Si vols con\u00e8ixer m\u00e9s sobre la nostra gamma de productes congelats o rebre informaci\u00f3 personalitzada segons les teves necessitats, no dubtis a posar-te en contacte amb nosaltres. El nostre equip estar\u00e0 encantat d&#8217;assessorar-vos i ajudar-vos a trobar les millors opcions per al vostre negoci o consum.<\/p><p data-start=\"288\" data-end=\"533\" data-is-last-node=\"\" data-is-only-node=\"\">Estem a la teva disposici\u00f3 per resoldre qualsevol dubte, ampliar el cat\u00e0leg disponible o informar-te sobre formats, disponibilitat i condicions. Contacta&#8217;ns i descobreix tot el que et podem oferir en productes congelats de la m\u00e9s alta qualitat.<\/p>\t\t\t\t\t\t\t\t<\/div>\n\t\t\t\t<div class=\"elementor-element elementor-element-d76f7de elementor-align-center elementor-widget elementor-widget-button\" data-id=\"d76f7de\" data-element_type=\"widget\" data-e-type=\"widget\" data-widget_type=\"button.default\">\n\t\t\t\t\t\t\t\t\t\t<a class=\"elementor-button elementor-button-link elementor-size-sm\" href=\"https:\/\/copancongelados.com\/ca\/contacta\/\">\n\t\t\t\t\t\t<span class=\"elementor-button-content-wrapper\">\n\t\t\t\t\t\t\t\t\t<span class=\"elementor-button-text\">CONTACTA'NS<\/span>\n\t\t\t\t\t<\/span>\n\t\t\t\t\t<\/a>\n\t\t\t\t\t\t\t\t<\/div>\n\t\t\t\t\t<\/div>\n\t\t<\/div>\n\t\t\t\t\t<\/div>\n\t\t<\/section>\n\t\t\t\t<\/div>\n\t\t","protected":false},"excerpt":{"rendered":"<p>Productes Els nostres cat\u00e0legs A la nostra secci\u00f3 de cat\u00e0legs trobar\u00e0s una cuidada selecci\u00f3 de productes congelats, elaborats per conservar tota la seva frescor, sabor i qualitat des de l&#8217;origen fins a la teva taula. Gr\u00e0cies als nostres processos d&#8217;ultracongelaci\u00f3, garantim aliments pr\u00e0ctics, segurs i preparats per adaptar-se a les necessitats del teu negoci o&#8230;<\/p>\n","protected":false},"author":1,"featured_media":0,"parent":0,"menu_order":0,"comment_status":"closed","ping_status":"closed","template":"","meta":{"_acf_changed":false,"_bst_post_transparent":"","_bst_post_title":"","_bst_post_layout":"","_bst_post_sidebar_id":"","_bst_post_content_style":"","_bst_post_vertical_padding":"","_bst_post_feature":"","_bst_post_feature_position":"","_bst_post_header":false,"_bst_post_footer":false,"_joinchat":[],"footnotes":""},"class_list":["post-2548","page","type-page","status-publish","hentry"],"acf":[],"yoast_head":"<!-- This site is optimized with the Yoast SEO plugin v26.9 - https:\/\/yoast.com\/product\/yoast-seo-wordpress\/ -->\n<title>Cat\u00e0legs - COPAN<\/title>\n<meta name=\"robots\" content=\"index, follow, max-snippet:-1, max-image-preview:large, max-video-preview:-1\" \/>\n<link rel=\"canonical\" href=\"https:\/\/copancongelados.com\/nuestros-catalogos\/\" \/>\n<meta property=\"og:locale\" content=\"ca_ES\" \/>\n<meta property=\"og:type\" content=\"article\" \/>\n<meta property=\"og:title\" content=\"Cat\u00e0legs - COPAN\" \/>\n<meta property=\"og:description\" content=\"Productes Els nostres cat\u00e0legs A la nostra secci\u00f3 de cat\u00e0legs trobar\u00e0s una cuidada selecci\u00f3 de productes congelats, elaborats per conservar tota la seva frescor, sabor i qualitat des de l&#8217;origen fins a la teva taula. Gr\u00e0cies als nostres processos d&#8217;ultracongelaci\u00f3, garantim aliments pr\u00e0ctics, segurs i preparats per adaptar-se a les necessitats del teu negoci o...\" \/>\n<meta property=\"og:url\" content=\"https:\/\/copancongelados.com\/nuestros-catalogos\/\" \/>\n<meta property=\"og:site_name\" content=\"COPAN\" \/>\n<meta property=\"article:modified_time\" content=\"2026-02-06T13:05:19+00:00\" \/>\n<meta name=\"twitter:card\" content=\"summary_large_image\" \/>\n<meta name=\"twitter:label1\" content=\"Temps estimat de lectura\" \/>\n\t<meta name=\"twitter:data1\" content=\"2 minuts\" \/>\n<script type=\"application\/ld+json\" class=\"yoast-schema-graph\">{\"@context\":\"https:\/\/schema.org\",\"@graph\":[{\"@type\":\"WebPage\",\"@id\":\"https:\/\/copancongelados.com\/nuestros-catalogos\/\",\"url\":\"https:\/\/copancongelados.com\/nuestros-catalogos\/\",\"name\":\"Cat\u00e0legs - COPAN\",\"isPartOf\":{\"@id\":\"https:\/\/copancongelados.com\/#website\"},\"datePublished\":\"2023-10-05T02:26:55+00:00\",\"dateModified\":\"2026-02-06T13:05:19+00:00\",\"breadcrumb\":{\"@id\":\"https:\/\/copancongelados.com\/nuestros-catalogos\/#breadcrumb\"},\"inLanguage\":\"ca\",\"potentialAction\":[{\"@type\":\"ReadAction\",\"target\":[\"https:\/\/copancongelados.com\/nuestros-catalogos\/\"]}]},{\"@type\":\"BreadcrumbList\",\"@id\":\"https:\/\/copancongelados.com\/nuestros-catalogos\/#breadcrumb\",\"itemListElement\":[{\"@type\":\"ListItem\",\"position\":1,\"name\":\"Portada\",\"item\":\"https:\/\/copancongelados.com\/\"},{\"@type\":\"ListItem\",\"position\":2,\"name\":\"Cat\u00e0legs\"}]},{\"@type\":\"WebSite\",\"@id\":\"https:\/\/copancongelados.com\/#website\",\"url\":\"https:\/\/copancongelados.com\/\",\"name\":\"COPAN CONGELADOS\",\"description\":\"\",\"publisher\":{\"@id\":\"https:\/\/copancongelados.com\/#organization\"},\"potentialAction\":[{\"@type\":\"SearchAction\",\"target\":{\"@type\":\"EntryPoint\",\"urlTemplate\":\"https:\/\/copancongelados.com\/?s={search_term_string}\"},\"query-input\":{\"@type\":\"PropertyValueSpecification\",\"valueRequired\":true,\"valueName\":\"search_term_string\"}}],\"inLanguage\":\"ca\"},{\"@type\":\"Organization\",\"@id\":\"https:\/\/copancongelados.com\/#organization\",\"name\":\"COPAN CONGELADOS\",\"url\":\"https:\/\/copancongelados.com\/\",\"logo\":{\"@type\":\"ImageObject\",\"inLanguage\":\"ca\",\"@id\":\"https:\/\/copancongelados.com\/#\/schema\/logo\/image\/\",\"url\":\"https:\/\/copancongelados.com\/wp-content\/uploads\/2026\/02\/copan_logo_jpg-removebg-preview.png\",\"contentUrl\":\"https:\/\/copancongelados.com\/wp-content\/uploads\/2026\/02\/copan_logo_jpg-removebg-preview.png\",\"width\":960,\"height\":260,\"caption\":\"COPAN CONGELADOS\"},\"image\":{\"@id\":\"https:\/\/copancongelados.com\/#\/schema\/logo\/image\/\"}}]}<\/script>\n<!-- \/ Yoast SEO plugin. -->","yoast_head_json":{"title":"Cat\u00e0legs - COPAN","robots":{"index":"index","follow":"follow","max-snippet":"max-snippet:-1","max-image-preview":"max-image-preview:large","max-video-preview":"max-video-preview:-1"},"canonical":"https:\/\/copancongelados.com\/nuestros-catalogos\/","og_locale":"ca_ES","og_type":"article","og_title":"Cat\u00e0legs - COPAN","og_description":"Productes Els nostres cat\u00e0legs A la nostra secci\u00f3 de cat\u00e0legs trobar\u00e0s una cuidada selecci\u00f3 de productes congelats, elaborats per conservar tota la seva frescor, sabor i qualitat des de l&#8217;origen fins a la teva taula. Gr\u00e0cies als nostres processos d&#8217;ultracongelaci\u00f3, garantim aliments pr\u00e0ctics, segurs i preparats per adaptar-se a les necessitats del teu negoci o...","og_url":"https:\/\/copancongelados.com\/nuestros-catalogos\/","og_site_name":"COPAN","article_modified_time":"2026-02-06T13:05:19+00:00","twitter_card":"summary_large_image","twitter_misc":{"Temps estimat de lectura":"2 minuts"},"schema":{"@context":"https:\/\/schema.org","@graph":[{"@type":"WebPage","@id":"https:\/\/copancongelados.com\/nuestros-catalogos\/","url":"https:\/\/copancongelados.com\/nuestros-catalogos\/","name":"Cat\u00e0legs - COPAN","isPartOf":{"@id":"https:\/\/copancongelados.com\/#website"},"datePublished":"2023-10-05T02:26:55+00:00","dateModified":"2026-02-06T13:05:19+00:00","breadcrumb":{"@id":"https:\/\/copancongelados.com\/nuestros-catalogos\/#breadcrumb"},"inLanguage":"ca","potentialAction":[{"@type":"ReadAction","target":["https:\/\/copancongelados.com\/nuestros-catalogos\/"]}]},{"@type":"BreadcrumbList","@id":"https:\/\/copancongelados.com\/nuestros-catalogos\/#breadcrumb","itemListElement":[{"@type":"ListItem","position":1,"name":"Portada","item":"https:\/\/copancongelados.com\/"},{"@type":"ListItem","position":2,"name":"Cat\u00e0legs"}]},{"@type":"WebSite","@id":"https:\/\/copancongelados.com\/#website","url":"https:\/\/copancongelados.com\/","name":"COPAN CONGELADOS","description":"","publisher":{"@id":"https:\/\/copancongelados.com\/#organization"},"potentialAction":[{"@type":"SearchAction","target":{"@type":"EntryPoint","urlTemplate":"https:\/\/copancongelados.com\/?s={search_term_string}"},"query-input":{"@type":"PropertyValueSpecification","valueRequired":true,"valueName":"search_term_string"}}],"inLanguage":"ca"},{"@type":"Organization","@id":"https:\/\/copancongelados.com\/#organization","name":"COPAN CONGELADOS","url":"https:\/\/copancongelados.com\/","logo":{"@type":"ImageObject","inLanguage":"ca","@id":"https:\/\/copancongelados.com\/#\/schema\/logo\/image\/","url":"https:\/\/copancongelados.com\/wp-content\/uploads\/2026\/02\/copan_logo_jpg-removebg-preview.png","contentUrl":"https:\/\/copancongelados.com\/wp-content\/uploads\/2026\/02\/copan_logo_jpg-removebg-preview.png","width":960,"height":260,"caption":"COPAN CONGELADOS"},"image":{"@id":"https:\/\/copancongelados.com\/#\/schema\/logo\/image\/"}}]}},"_links":{"self":[{"href":"https:\/\/copancongelados.com\/ca\/wp-json\/wp\/v2\/pages\/2548","targetHints":{"allow":["GET"]}}],"collection":[{"href":"https:\/\/copancongelados.com\/ca\/wp-json\/wp\/v2\/pages"}],"about":[{"href":"https:\/\/copancongelados.com\/ca\/wp-json\/wp\/v2\/types\/page"}],"author":[{"embeddable":true,"href":"https:\/\/copancongelados.com\/ca\/wp-json\/wp\/v2\/users\/1"}],"replies":[{"embeddable":true,"href":"https:\/\/copancongelados.com\/ca\/wp-json\/wp\/v2\/comments?post=2548"}],"version-history":[{"count":4,"href":"https:\/\/copancongelados.com\/ca\/wp-json\/wp\/v2\/pages\/2548\/revisions"}],"predecessor-version":[{"id":2583,"href":"https:\/\/copancongelados.com\/ca\/wp-json\/wp\/v2\/pages\/2548\/revisions\/2583"}],"wp:attachment":[{"href":"https:\/\/copancongelados.com\/ca\/wp-json\/wp\/v2\/media?parent=2548"}],"curies":[{"name":"wp","href":"https:\/\/api.w.org\/{rel}","templated":true}]}}